{"id":972,"date":"2024-08-09T14:10:58","date_gmt":"2024-08-09T12:10:58","guid":{"rendered":"https:\/\/travys-bakery.fr\/?page_id=972"},"modified":"2024-09-13T21:10:50","modified_gmt":"2024-09-13T19:10:50","slug":"evenement","status":"publish","type":"page","link":"https:\/\/travys-bakery.fr\/index.php\/evenement\/","title":{"rendered":"\u00c9v\u00e9nement"},"content":{"rendered":"\t\t<div data-elementor-type=\"wp-page\" data-elementor-id=\"972\" class=\"elementor elementor-972\" data-elementor-post-type=\"page\">\n\t\t\t\t<div class=\"elementor-element elementor-element-164acd2 e-flex e-con-boxed e-con e-parent\" data-id=\"164acd2\" data-element_type=\"container\">\n\t\t\t\t\t<div class=\"e-con-inner\">\n\t\t\t\t<div class=\"elementor-element elementor-element-b030d45 elementor-widget elementor-widget-heading\" data-id=\"b030d45\" data-element_type=\"widget\" data-widget_type=\"heading.default\">\n\t\t\t\t<div class=\"elementor-widget-container\">\n\t\t\t<style>\/*! elementor - v3.21.0 - 26-05-2024 *\/\n.elementor-heading-title{padding:0;margin:0;line-height:1}.elementor-widget-heading .elementor-heading-title[class*=elementor-size-]>a{color:inherit;font-size:inherit;line-height:inherit}.elementor-widget-heading .elementor-heading-title.elementor-size-small{font-size:15px}.elementor-widget-heading .elementor-heading-title.elementor-size-medium{font-size:19px}.elementor-widget-heading .elementor-heading-title.elementor-size-large{font-size:29px}.elementor-widget-heading .elementor-heading-title.elementor-size-xl{font-size:39px}.elementor-widget-heading .elementor-heading-title.elementor-size-xxl{font-size:59px}<\/style><h2 class=\"elementor-heading-title elementor-size-default\">D\u00e9couvrez nos mini-cookies !<\/h2>\t\t<\/div>\n\t\t\t\t<\/div>\n\t\t\t\t<div class=\"elementor-element elementor-element-8183fae elementor-widget elementor-widget-text-editor\" data-id=\"8183fae\" data-element_type=\"widget\" data-widget_type=\"text-editor.default\">\n\t\t\t\t<div class=\"elementor-widget-container\">\n\t\t\t<style>\/*! elementor - v3.21.0 - 26-05-2024 *\/\n.elementor-widget-text-editor.elementor-drop-cap-view-stacked .elementor-drop-cap{background-color:#69727d;color:#fff}.elementor-widget-text-editor.elementor-drop-cap-view-framed .elementor-drop-cap{color:#69727d;border:3px solid;background-color:transparent}.elementor-widget-text-editor:not(.elementor-drop-cap-view-default) .elementor-drop-cap{margin-top:8px}.elementor-widget-text-editor:not(.elementor-drop-cap-view-default) .elementor-drop-cap-letter{width:1em;height:1em}.elementor-widget-text-editor .elementor-drop-cap{float:left;text-align:center;line-height:1;font-size:50px}.elementor-widget-text-editor .elementor-drop-cap-letter{display:inline-block}<\/style>\t\t\t\t<p>Nos mini-cookies sont id\u00e9aux pour vos \u00e9v\u00e8nements de type mariage, bapt\u00eame, anniversaire ou autres<\/p><p>Nous proposons 2 types de prestations : Bar \u00e0 Cookies g\u00e9r\u00e9 par nous m\u00eame, ou des plateaux de Cookies.<\/p><p>Si vous \u00eates int\u00e9ress\u00e9, vous pouvez nous contacter via instagram ou par e-mail : contact@travys-bakery.fr<\/p>\t\t\t\t\t\t<\/div>\n\t\t\t\t<\/div>\n\t\t\t\t\t<\/div>\n\t\t\t\t<\/div>\n\t\t<div class=\"elementor-element elementor-element-2556c02 e-flex e-con-boxed e-con e-parent\" data-id=\"2556c02\" data-element_type=\"container\">\n\t\t\t\t\t<div class=\"e-con-inner\">\n\t\t<div class=\"elementor-element elementor-element-bce5d89 e-con-full e-flex e-con e-child\" data-id=\"bce5d89\" data-element_type=\"container\">\n\t\t\t\t<div class=\"elementor-element elementor-element-44e53e3 elementor-widget elementor-widget-video\" data-id=\"44e53e3\" data-element_type=\"widget\" data-settings=\"{&quot;video_type&quot;:&quot;hosted&quot;,&quot;controls&quot;:&quot;yes&quot;}\" data-widget_type=\"video.default\">\n\t\t\t\t<div class=\"elementor-widget-container\">\n\t\t\t<style>\/*! elementor - v3.21.0 - 26-05-2024 *\/\n.elementor-widget-video .elementor-widget-container{overflow:hidden;transform:translateZ(0)}.elementor-widget-video .elementor-wrapper{aspect-ratio:var(--video-aspect-ratio)}.elementor-widget-video .elementor-wrapper iframe,.elementor-widget-video .elementor-wrapper video{height:100%;width:100%;display:flex;border:none;background-color:#000}@supports not (aspect-ratio:1\/1){.elementor-widget-video .elementor-wrapper{position:relative;overflow:hidden;height:0;padding-bottom:calc(100% \/ var(--video-aspect-ratio))}.elementor-widget-video .elementor-wrapper iframe,.elementor-widget-video .elementor-wrapper video{position:absolute;top:0;right:0;bottom:0;left:0}}.elementor-widget-video .elementor-open-inline .elementor-custom-embed-image-overlay{position:absolute;top:0;right:0;bottom:0;left:0;background-size:cover;background-position:50%}.elementor-widget-video .elementor-custom-embed-image-overlay{cursor:pointer;text-align:center}.elementor-widget-video .elementor-custom-embed-image-overlay:hover .elementor-custom-embed-play i{opacity:1}.elementor-widget-video .elementor-custom-embed-image-overlay img{display:block;width:100%;aspect-ratio:var(--video-aspect-ratio);-o-object-fit:cover;object-fit:cover;-o-object-position:center center;object-position:center center}@supports not (aspect-ratio:1\/1){.elementor-widget-video .elementor-custom-embed-image-overlay{position:relative;overflow:hidden;height:0;padding-bottom:calc(100% \/ var(--video-aspect-ratio))}.elementor-widget-video .elementor-custom-embed-image-overlay img{position:absolute;top:0;right:0;bottom:0;left:0}}.elementor-widget-video .e-hosted-video .elementor-video{-o-object-fit:cover;object-fit:cover}.e-con-inner>.elementor-widget-video,.e-con>.elementor-widget-video{width:var(--container-widget-width);--flex-grow:var(--container-widget-flex-grow)}<\/style>\t\t<div class=\"e-hosted-video elementor-wrapper elementor-open-inline\">\n\t\t\t\t\t<video class=\"elementor-video\" src=\"http:\/\/travys-bakery.fr\/wp-content\/uploads\/2024\/08\/cookies3.mov\" controls=\"\" preload=\"metadata\" controlsList=\"nodownload\"><\/video>\n\t\t\t\t<\/div>\n\t\t\t\t<\/div>\n\t\t\t\t<\/div>\n\t\t\t\t<div class=\"elementor-element elementor-element-df1374a elementor-widget elementor-widget-text-editor\" data-id=\"df1374a\" data-element_type=\"widget\" data-widget_type=\"text-editor.default\">\n\t\t\t\t<div class=\"elementor-widget-container\">\n\t\t\t\t\t\t\t<p>Le bar \u00e0 Cookie est un stand o\u00f9 nous sommes pr\u00e9sents, avec une table et des pr\u00e9sentoirs. Les mini-cookies sont aux p\u00e9pites de chocolat au lait, et nous ajoutons \u00e0 la demande (de vous ou de vos invit\u00e9s) en direct les nappages et toppings.<\/p>\t\t\t\t\t\t<\/div>\n\t\t\t\t<\/div>\n\t\t\t\t<div class=\"elementor-element elementor-element-16687f7 elementor-widget elementor-widget-text-editor\" data-id=\"16687f7\" data-element_type=\"widget\" data-widget_type=\"text-editor.default\">\n\t\t\t\t<div class=\"elementor-widget-container\">\n\t\t\t\t\t\t\t<p><span style=\"text-decoration: underline;\">Tarif :<\/span><\/p><p><span style=\"text-decoration: underline;\">Nombre d&rsquo;heure :<\/span><\/p><ul><li>1h de service : 15\u20ac<\/li><li>2h de services : 30\u20ac<\/li><li>3h de services : 45\u20ac<\/li><li>4h de services : 60\u20ac<\/li><li>5h de services : 75\u20ac<\/li><\/ul><p>Toute heure de service en plus le jour du mariage seras factur\u00e9e 20\u20ac.<\/p><p><span style=\"text-decoration: underline;\">Le kilom\u00e9trage :<\/span><\/p><ul><li>De 0 \u00e0 10km : 10\u20ac<\/li><li>De 11 \u00e0 20km : 15\u20ac<\/li><li>De 21 \u00e0 30km : 20\u20ac<\/li><li>De 31 \u00e0 40km : 25\u20ac<\/li><li>De 41 \u00e0 50km : 30\u20ac<\/li><li>De 51 \u00e0 60km : 35\u20ac<\/li><li>De 61 \u00e0 70km : 40\u20ac<\/li><li>De 71 \u00e0 80km : 45\u20ac<\/li><li>De 81 \u00e0 90km : 50\u20ac<\/li><li>De 91 \u00e0 100km : 55\u20ac<\/li><\/ul><p><span style=\"text-decoration: underline;\">Tarifs :<\/span><\/p><ul><li>50 mini-cookies : 50\u20ac<\/li><li>100 mini-cookies : 100\u20ac<\/li><li>150 mini-cookies : 150\u20ac<\/li><li>200 mini-cookies : 200\u20ac<\/li><li>250 mini-cookies : 250\u20ac<\/li><li>300 mini-cookies : 300\u20ac<\/li><\/ul><p><span style=\"text-decoration: underline;\">Les nappages : <\/span><\/p><ul><li>Nutella<\/li><li>Sp\u00e9culoos<\/li><li>Pralin\u00e9 noisette fleur de sel<\/li><li>Beurre de cacahu\u00e8te<\/li><li>Pralin\u00e9 Noix de p\u00e9can<\/li><\/ul><p><span style=\"text-decoration: underline;\">Les toppings :<\/span><\/p><ul><li>Cacahu\u00e8te caram\u00e9lis\u00e9<\/li><li>Amande hach\u00e9 caram\u00e9lis\u00e9<\/li><li>M&amp;M&rsquo;s<\/li><li>Kit Kat balls<\/li><li>Speculoos<\/li><li>Kinder Bueno<\/li><\/ul><p>Frais de mise en place et pr\u00eat du mat\u00e9riel : 15\u20ac<\/p><p><span style=\"text-decoration: underline;\">Nappe :<\/span><\/p><ul><li>noir<\/li><li>blanche<\/li><\/ul><p><span style=\"text-decoration: underline;\">Pr\u00e9sentoir :<\/span><\/p><p>(plusieurs choix peuvent \u00eatre pris)<\/p><ul><li>une cloche en verre<\/li><li>un pr\u00e9sentoir en bois \u00e0 \u00e9tage rond<\/li><li>un pr\u00e9sentoir en bois \u00e0 \u00e9tage rectangle<\/li><li>un pr\u00e9sentoir en ardoise \u00e0 \u00e9tage rectangle<\/li><\/ul><p><span style=\"text-decoration: underline;\">Exemple<\/span> : si vous voulez 2h de services (30\u20ac), votre mariage se d\u00e9roule \u00e0 20km (15\u20ac) et vous prenez 150 cookies (150\u20ac). (plus les 15\u20ac de mise en place)<\/p><p>30+15+150+15= 210\u20ac<\/p><p>Le total de 210\u20ac<\/p>\t\t\t\t\t\t<\/div>\n\t\t\t\t<\/div>\n\t\t\t\t<\/div>\n\t\t<div class=\"elementor-element elementor-element-a62e8aa e-con-full e-flex e-con e-child\" data-id=\"a62e8aa\" data-element_type=\"container\">\n\t\t\t\t<div class=\"elementor-element elementor-element-b778786 elementor-widget elementor-widget-image\" data-id=\"b778786\" data-element_type=\"widget\" data-widget_type=\"image.default\">\n\t\t\t\t<div class=\"elementor-widget-container\">\n\t\t\t<style>\/*! elementor - v3.21.0 - 26-05-2024 *\/\n.elementor-widget-image{text-align:center}.elementor-widget-image a{display:inline-block}.elementor-widget-image a img[src$=\".svg\"]{width:48px}.elementor-widget-image img{vertical-align:middle;display:inline-block}<\/style>\t\t\t\t\t\t\t\t\t\t<img fetchpriority=\"high\" decoding=\"async\" width=\"800\" height=\"930\" src=\"https:\/\/travys-bakery.fr\/wp-content\/uploads\/2024\/08\/cookies-plateau-881x1024.webp\" class=\"attachment-large size-large wp-image-1007\" alt=\"\" srcset=\"https:\/\/travys-bakery.fr\/wp-content\/uploads\/2024\/08\/cookies-plateau-881x1024.webp 881w, https:\/\/travys-bakery.fr\/wp-content\/uploads\/2024\/08\/cookies-plateau-258x300.webp 258w, https:\/\/travys-bakery.fr\/wp-content\/uploads\/2024\/08\/cookies-plateau-768x892.webp 768w, https:\/\/travys-bakery.fr\/wp-content\/uploads\/2024\/08\/cookies-plateau-1322x1536.webp 1322w, https:\/\/travys-bakery.fr\/wp-content\/uploads\/2024\/08\/cookies-plateau-scaled.webp 1652w, https:\/\/travys-bakery.fr\/wp-content\/uploads\/2024\/08\/cookies-plateau-600x697.webp 600w\" sizes=\"(max-width: 800px) 100vw, 800px\" \/>\t\t\t\t\t\t\t\t\t\t\t\t\t<\/div>\n\t\t\t\t<\/div>\n\t\t\t\t<div class=\"elementor-element elementor-element-2cac541 elementor-widget elementor-widget-text-editor\" data-id=\"2cac541\" data-element_type=\"widget\" data-widget_type=\"text-editor.default\">\n\t\t\t\t<div class=\"elementor-widget-container\">\n\t\t\t\t\t\t\t<p>Le plateau de mini-cookies est d\u00e9j\u00e0 garni avec le\/les nappages et toppings que vous avez choisis lors du devis.<\/p>\t\t\t\t\t\t<\/div>\n\t\t\t\t<\/div>\n\t\t\t\t<div class=\"elementor-element elementor-element-516b1aa elementor-widget elementor-widget-text-editor\" data-id=\"516b1aa\" data-element_type=\"widget\" data-widget_type=\"text-editor.default\">\n\t\t\t\t<div class=\"elementor-widget-container\">\n\t\t\t\t\t\t\t<p><span style=\"text-decoration: underline;\">Tarif :<\/span><\/p><p>Un plateau de 15 mini-cookies : 15\u20ac<\/p><p><span style=\"text-decoration: underline;\">Le kilom\u00e9trage :<\/span><\/p><ul><li>De 0 \u00e0 10km : 10\u20ac<\/li><li>De 11 \u00e0 20km : 15\u20ac<\/li><li>De 21 \u00e0 30km : 20\u20ac<\/li><li>De 31 \u00e0 40km : 25\u20ac<\/li><li>De 41 \u00e0 50km : 30\u20ac<\/li><li>De 51 \u00e0 60km : 35\u20ac<\/li><li>De 61 \u00e0 70km : 40\u20ac<\/li><li>De 71 \u00e0 80km : 45\u20ac<\/li><li>De 81 \u00e0 90km : 50\u20ac<\/li><li>De 91 \u00e0 100km : 55\u20ac<\/li><\/ul><p><span style=\"text-decoration: underline;\">Les nappages :<\/span><\/p><ul><li>Nutella<\/li><li>Sp\u00e9culoos<\/li><li>Pralin\u00e9 noisette fleur de sel<\/li><li>Beurre de cacahu\u00e8te<\/li><li>Pralin\u00e9 Noix de p\u00e9can<\/li><\/ul><p><span style=\"text-decoration: underline;\">Les toppings :<\/span><\/p><ul><li>Cacahu\u00e8te caram\u00e9lis\u00e9<\/li><li>Amande hach\u00e9 caram\u00e9lis\u00e9<\/li><li>M&amp;M&rsquo;s<\/li><li>Kit Kat balls<\/li><li>Speculoos<\/li><li>Kinder Bueno<\/li><\/ul><p>Pour chaque plateau command\u00e9, vous pouvez choisir au maximum 3 associations topping\/nappage diff\u00e9rent.<\/p><p><span style=\"text-decoration: underline;\">Exemple :<\/span><\/p><p>5 cookies : nappage nutella topping kit kat ball<\/p><p>5 cookies : nappage beurre de cacahu\u00e8te topping cacahu\u00e8te caram\u00e9lis\u00e9<\/p><p>5 cookies : nappage pralin\u00e9 noisette fleur de sel topping amande hach\u00e9 caram\u00e9lis\u00e9<\/p>\t\t\t\t\t\t<\/div>\n\t\t\t\t<\/div>\n\t\t\t\t<\/div>\n\t\t\t\t\t<\/div>\n\t\t\t\t<\/div>\n\t\t\t\t<\/div>\n\t\t","protected":false},"excerpt":{"rendered":"<p>D\u00e9couvrez nos mini-cookies ! Nos mini-cookies sont id\u00e9aux pour vos \u00e9v\u00e8nements de type mariage, bapt\u00eame, anniversaire ou autres Nous proposons 2 types de prestations : Bar \u00e0 Cookies g\u00e9r\u00e9 par nous m\u00eame, ou des plateaux de Cookies. Si vous \u00eates int\u00e9ress\u00e9, vous pouvez nous contacter via instagram ou par e-mail : contact@travys-bakery.fr http:\/\/travys-bakery.fr\/wp-content\/uploads\/2024\/08\/cookies3.mov Le bar [&hellip;]<\/p>\n","protected":false},"author":1,"featured_media":0,"parent":0,"menu_order":0,"comment_status":"closed","ping_status":"closed","template":"","meta":{"footnotes":""},"class_list":["post-972","page","type-page","status-publish","hentry"],"yoast_head":"<!-- This site is optimized with the Yoast SEO plugin v23.2 - https:\/\/yoast.com\/wordpress\/plugins\/seo\/ -->\n<title>\u00c9v\u00e9nement - Travys Bakery<\/title>\n<meta name=\"robots\" content=\"index, follow, max-snippet:-1, max-image-preview:large, max-video-preview:-1\" \/>\n<link rel=\"canonical\" href=\"https:\/\/travys-bakery.fr\/index.php\/evenement\/\" \/>\n<meta property=\"og:locale\" content=\"fr_FR\" \/>\n<meta property=\"og:type\" content=\"article\" \/>\n<meta property=\"og:title\" content=\"\u00c9v\u00e9nement - Travys Bakery\" \/>\n<meta property=\"og:description\" content=\"D\u00e9couvrez nos mini-cookies ! Nos mini-cookies sont id\u00e9aux pour vos \u00e9v\u00e8nements de type mariage, bapt\u00eame, anniversaire ou autres Nous proposons 2 types de prestations : Bar \u00e0 Cookies g\u00e9r\u00e9 par nous m\u00eame, ou des plateaux de Cookies. Si vous \u00eates int\u00e9ress\u00e9, vous pouvez nous contacter via instagram ou par e-mail : contact@travys-bakery.fr http:\/\/travys-bakery.fr\/wp-content\/uploads\/2024\/08\/cookies3.mov Le bar [&hellip;]\" \/>\n<meta property=\"og:url\" content=\"https:\/\/travys-bakery.fr\/index.php\/evenement\/\" \/>\n<meta property=\"og:site_name\" content=\"Travys Bakery\" \/>\n<meta property=\"article:publisher\" content=\"https:\/\/www.facebook.com\/profile.php?id=61563608235624\" \/>\n<meta property=\"article:modified_time\" content=\"2024-09-13T19:10:50+00:00\" \/>\n<meta property=\"og:image\" content=\"http:\/\/travys-bakery.fr\/wp-content\/uploads\/2024\/08\/cookies-plateau-881x1024.webp\" \/>\n<meta name=\"twitter:card\" content=\"summary_large_image\" \/>\n<meta name=\"twitter:label1\" content=\"Dur\u00e9e de lecture estim\u00e9e\" \/>\n\t<meta name=\"twitter:data1\" content=\"3 minutes\" \/>\n<script type=\"application\/ld+json\" class=\"yoast-schema-graph\">{\"@context\":\"https:\/\/schema.org\",\"@graph\":[{\"@type\":\"WebPage\",\"@id\":\"https:\/\/travys-bakery.fr\/index.php\/evenement\/\",\"url\":\"https:\/\/travys-bakery.fr\/index.php\/evenement\/\",\"name\":\"\u00c9v\u00e9nement - Travys Bakery\",\"isPartOf\":{\"@id\":\"https:\/\/travys-bakery.fr\/#website\"},\"primaryImageOfPage\":{\"@id\":\"https:\/\/travys-bakery.fr\/index.php\/evenement\/#primaryimage\"},\"image\":{\"@id\":\"https:\/\/travys-bakery.fr\/index.php\/evenement\/#primaryimage\"},\"thumbnailUrl\":\"http:\/\/travys-bakery.fr\/wp-content\/uploads\/2024\/08\/cookies-plateau-881x1024.webp\",\"datePublished\":\"2024-08-09T12:10:58+00:00\",\"dateModified\":\"2024-09-13T19:10:50+00:00\",\"breadcrumb\":{\"@id\":\"https:\/\/travys-bakery.fr\/index.php\/evenement\/#breadcrumb\"},\"inLanguage\":\"fr-FR\",\"potentialAction\":[{\"@type\":\"ReadAction\",\"target\":[\"https:\/\/travys-bakery.fr\/index.php\/evenement\/\"]}]},{\"@type\":\"ImageObject\",\"inLanguage\":\"fr-FR\",\"@id\":\"https:\/\/travys-bakery.fr\/index.php\/evenement\/#primaryimage\",\"url\":\"https:\/\/travys-bakery.fr\/wp-content\/uploads\/2024\/08\/cookies-plateau-scaled.webp\",\"contentUrl\":\"https:\/\/travys-bakery.fr\/wp-content\/uploads\/2024\/08\/cookies-plateau-scaled.webp\",\"width\":1652,\"height\":1920},{\"@type\":\"BreadcrumbList\",\"@id\":\"https:\/\/travys-bakery.fr\/index.php\/evenement\/#breadcrumb\",\"itemListElement\":[{\"@type\":\"ListItem\",\"position\":1,\"name\":\"Accueil\",\"item\":\"https:\/\/travys-bakery.fr\/\"},{\"@type\":\"ListItem\",\"position\":2,\"name\":\"\u00c9v\u00e9nement\"}]},{\"@type\":\"WebSite\",\"@id\":\"https:\/\/travys-bakery.fr\/#website\",\"url\":\"https:\/\/travys-bakery.fr\/\",\"name\":\"Travys Bakery\",\"description\":\"Cookies en Livraison \u00e0 Domicile\",\"publisher\":{\"@id\":\"https:\/\/travys-bakery.fr\/#organization\"},\"potentialAction\":[{\"@type\":\"SearchAction\",\"target\":{\"@type\":\"EntryPoint\",\"urlTemplate\":\"https:\/\/travys-bakery.fr\/?s={search_term_string}\"},\"query-input\":\"required name=search_term_string\"}],\"inLanguage\":\"fr-FR\"},{\"@type\":\"Organization\",\"@id\":\"https:\/\/travys-bakery.fr\/#organization\",\"name\":\"Travys Bakery\",\"url\":\"https:\/\/travys-bakery.fr\/\",\"logo\":{\"@type\":\"ImageObject\",\"inLanguage\":\"fr-FR\",\"@id\":\"https:\/\/travys-bakery.fr\/#\/schema\/logo\/image\/\",\"url\":\"https:\/\/travys-bakery.fr\/wp-content\/uploads\/2024\/06\/since_2023__1_-removebg-preview.png\",\"contentUrl\":\"https:\/\/travys-bakery.fr\/wp-content\/uploads\/2024\/06\/since_2023__1_-removebg-preview.png\",\"width\":500,\"height\":500,\"caption\":\"Travys Bakery\"},\"image\":{\"@id\":\"https:\/\/travys-bakery.fr\/#\/schema\/logo\/image\/\"},\"sameAs\":[\"https:\/\/www.facebook.com\/profile.php?id=61563608235624\",\"https:\/\/www.instagram.com\/travys_bakery\/\"]}]}<\/script>\n<!-- \/ Yoast SEO plugin. -->","yoast_head_json":{"title":"\u00c9v\u00e9nement - Travys Bakery","robots":{"index":"index","follow":"follow","max-snippet":"max-snippet:-1","max-image-preview":"max-image-preview:large","max-video-preview":"max-video-preview:-1"},"canonical":"https:\/\/travys-bakery.fr\/index.php\/evenement\/","og_locale":"fr_FR","og_type":"article","og_title":"\u00c9v\u00e9nement - Travys Bakery","og_description":"D\u00e9couvrez nos mini-cookies ! Nos mini-cookies sont id\u00e9aux pour vos \u00e9v\u00e8nements de type mariage, bapt\u00eame, anniversaire ou autres Nous proposons 2 types de prestations : Bar \u00e0 Cookies g\u00e9r\u00e9 par nous m\u00eame, ou des plateaux de Cookies. Si vous \u00eates int\u00e9ress\u00e9, vous pouvez nous contacter via instagram ou par e-mail : contact@travys-bakery.fr http:\/\/travys-bakery.fr\/wp-content\/uploads\/2024\/08\/cookies3.mov Le bar [&hellip;]","og_url":"https:\/\/travys-bakery.fr\/index.php\/evenement\/","og_site_name":"Travys Bakery","article_publisher":"https:\/\/www.facebook.com\/profile.php?id=61563608235624","article_modified_time":"2024-09-13T19:10:50+00:00","og_image":[{"url":"http:\/\/travys-bakery.fr\/wp-content\/uploads\/2024\/08\/cookies-plateau-881x1024.webp"}],"twitter_card":"summary_large_image","twitter_misc":{"Dur\u00e9e de lecture estim\u00e9e":"3 minutes"},"schema":{"@context":"https:\/\/schema.org","@graph":[{"@type":"WebPage","@id":"https:\/\/travys-bakery.fr\/index.php\/evenement\/","url":"https:\/\/travys-bakery.fr\/index.php\/evenement\/","name":"\u00c9v\u00e9nement - Travys Bakery","isPartOf":{"@id":"https:\/\/travys-bakery.fr\/#website"},"primaryImageOfPage":{"@id":"https:\/\/travys-bakery.fr\/index.php\/evenement\/#primaryimage"},"image":{"@id":"https:\/\/travys-bakery.fr\/index.php\/evenement\/#primaryimage"},"thumbnailUrl":"http:\/\/travys-bakery.fr\/wp-content\/uploads\/2024\/08\/cookies-plateau-881x1024.webp","datePublished":"2024-08-09T12:10:58+00:00","dateModified":"2024-09-13T19:10:50+00:00","breadcrumb":{"@id":"https:\/\/travys-bakery.fr\/index.php\/evenement\/#breadcrumb"},"inLanguage":"fr-FR","potentialAction":[{"@type":"ReadAction","target":["https:\/\/travys-bakery.fr\/index.php\/evenement\/"]}]},{"@type":"ImageObject","inLanguage":"fr-FR","@id":"https:\/\/travys-bakery.fr\/index.php\/evenement\/#primaryimage","url":"https:\/\/travys-bakery.fr\/wp-content\/uploads\/2024\/08\/cookies-plateau-scaled.webp","contentUrl":"https:\/\/travys-bakery.fr\/wp-content\/uploads\/2024\/08\/cookies-plateau-scaled.webp","width":1652,"height":1920},{"@type":"BreadcrumbList","@id":"https:\/\/travys-bakery.fr\/index.php\/evenement\/#breadcrumb","itemListElement":[{"@type":"ListItem","position":1,"name":"Accueil","item":"https:\/\/travys-bakery.fr\/"},{"@type":"ListItem","position":2,"name":"\u00c9v\u00e9nement"}]},{"@type":"WebSite","@id":"https:\/\/travys-bakery.fr\/#website","url":"https:\/\/travys-bakery.fr\/","name":"Travys Bakery","description":"Cookies en Livraison \u00e0 Domicile","publisher":{"@id":"https:\/\/travys-bakery.fr\/#organization"},"potentialAction":[{"@type":"SearchAction","target":{"@type":"EntryPoint","urlTemplate":"https:\/\/travys-bakery.fr\/?s={search_term_string}"},"query-input":"required name=search_term_string"}],"inLanguage":"fr-FR"},{"@type":"Organization","@id":"https:\/\/travys-bakery.fr\/#organization","name":"Travys Bakery","url":"https:\/\/travys-bakery.fr\/","logo":{"@type":"ImageObject","inLanguage":"fr-FR","@id":"https:\/\/travys-bakery.fr\/#\/schema\/logo\/image\/","url":"https:\/\/travys-bakery.fr\/wp-content\/uploads\/2024\/06\/since_2023__1_-removebg-preview.png","contentUrl":"https:\/\/travys-bakery.fr\/wp-content\/uploads\/2024\/06\/since_2023__1_-removebg-preview.png","width":500,"height":500,"caption":"Travys Bakery"},"image":{"@id":"https:\/\/travys-bakery.fr\/#\/schema\/logo\/image\/"},"sameAs":["https:\/\/www.facebook.com\/profile.php?id=61563608235624","https:\/\/www.instagram.com\/travys_bakery\/"]}]}},"jetpack_sharing_enabled":true,"_links":{"self":[{"href":"https:\/\/travys-bakery.fr\/index.php\/wp-json\/wp\/v2\/pages\/972","targetHints":{"allow":["GET"]}}],"collection":[{"href":"https:\/\/travys-bakery.fr\/index.php\/wp-json\/wp\/v2\/pages"}],"about":[{"href":"https:\/\/travys-bakery.fr\/index.php\/wp-json\/wp\/v2\/types\/page"}],"author":[{"embeddable":true,"href":"https:\/\/travys-bakery.fr\/index.php\/wp-json\/wp\/v2\/users\/1"}],"replies":[{"embeddable":true,"href":"https:\/\/travys-bakery.fr\/index.php\/wp-json\/wp\/v2\/comments?post=972"}],"version-history":[{"count":53,"href":"https:\/\/travys-bakery.fr\/index.php\/wp-json\/wp\/v2\/pages\/972\/revisions"}],"predecessor-version":[{"id":1126,"href":"https:\/\/travys-bakery.fr\/index.php\/wp-json\/wp\/v2\/pages\/972\/revisions\/1126"}],"wp:attachment":[{"href":"https:\/\/travys-bakery.fr\/index.php\/wp-json\/wp\/v2\/media?parent=972"}],"curies":[{"name":"wp","href":"https:\/\/api.w.org\/{rel}","templated":true}]}}