{"id":222,"date":"2024-06-17T21:13:02","date_gmt":"2024-06-17T19:13:02","guid":{"rendered":"https:\/\/travys-bakery.fr\/?post_type=product&#038;p=222"},"modified":"2026-04-19T03:55:16","modified_gmt":"2026-04-19T01:55:16","slug":"cookie-monaco","status":"publish","type":"product","link":"https:\/\/travys-bakery.fr\/index.php\/produit\/cookie-monaco\/","title":{"rendered":"Cookie Monaco"},"content":{"rendered":"<div class=\"markdown prose w-full break-words dark:prose-invert light\">\n<h3>D\u00e9couvrez Notre Cookie au Chocolat blanc et Framboise<\/h3>\n<\/div>\n<p><strong>Ingr\u00e9dients :<\/strong><\/p>\n<ul>\n<li>P\u00e2te \u00e0 Cookie<\/li>\n<li>P\u00e9pites de Chocolat Blanc<\/li>\n<li>Chocolat inspiration Framboise Valrhona<\/li>\n<\/ul>\n<p>&nbsp;<\/p>\n<p>Laissez-vous tenter par notre g\u00e9n\u00e9reux (110g) cookie au chocolat blanc, agr\u00e9ment\u00e9 de chocolat \u00e0 la framboise. Une alliance parfaite de douceur et de fra\u00eecheur pour ravir vos papilles.<\/p>\n<p>Confectionn\u00e9 avec des ingr\u00e9dients de premi\u00e8re qualit\u00e9, chaque cookie promet une exp\u00e9rience gustative exceptionnelle. Commandez d\u00e8s maintenant sur notre site !<\/p>\n<p><strong>Une douceur fruit\u00e9e vous attend !<\/strong><\/p>\n<p><em>Allerg\u00e8nes : Gluten | Lactose | Oeuf<\/em><\/p>\n","protected":false},"excerpt":{"rendered":"<p>Cookie Chocolat blanc, Framboise<\/p>\n","protected":false},"featured_media":1138,"comment_status":"open","ping_status":"closed","template":"","meta":[],"product_brand":[],"product_cat":[16],"product_tag":[],"class_list":{"0":"post-222","1":"product","2":"type-product","3":"status-publish","4":"has-post-thumbnail","6":"product_cat-non-classe","7":"product_shipping_class-cookie_class","9":"first","10":"instock","11":"shipping-taxable","12":"purchasable","13":"product-type-simple"},"yoast_head":"<!-- This site is optimized with the Yoast SEO plugin v23.2 - https:\/\/yoast.com\/wordpress\/plugins\/seo\/ -->\n<title>Cookie Monaco - Travys Bakery<\/title>\n<meta name=\"robots\" content=\"index, follow, max-snippet:-1, max-image-preview:large, max-video-preview:-1\" \/>\n<link rel=\"canonical\" href=\"https:\/\/travys-bakery.fr\/index.php\/produit\/cookie-monaco\/\" \/>\n<meta property=\"og:locale\" content=\"fr_FR\" \/>\n<meta property=\"og:type\" content=\"article\" \/>\n<meta property=\"og:title\" content=\"Cookie Monaco - Travys Bakery\" \/>\n<meta property=\"og:description\" content=\"Cookie Chocolat blanc, Framboise\" \/>\n<meta property=\"og:url\" content=\"https:\/\/travys-bakery.fr\/index.php\/produit\/cookie-monaco\/\" \/>\n<meta property=\"og:site_name\" content=\"Travys Bakery\" \/>\n<meta property=\"article:publisher\" content=\"https:\/\/www.facebook.com\/profile.php?id=61563608235624\" \/>\n<meta property=\"article:modified_time\" content=\"2026-04-19T01:55:16+00:00\" \/>\n<meta property=\"og:image\" content=\"http:\/\/travys-bakery.fr\/wp-content\/uploads\/2024\/06\/Monaco_Milieu-1024x826.png\" \/>\n\t<meta property=\"og:image:width\" content=\"1024\" \/>\n\t<meta property=\"og:image:height\" content=\"826\" \/>\n\t<meta property=\"og:image:type\" content=\"image\/png\" \/>\n<meta name=\"twitter:card\" content=\"summary_large_image\" \/>\n<meta name=\"twitter:label1\" content=\"Dur\u00e9e de lecture estim\u00e9e\" \/>\n\t<meta name=\"twitter:data1\" content=\"1 minute\" \/>\n<script type=\"application\/ld+json\" class=\"yoast-schema-graph\">{\"@context\":\"https:\/\/schema.org\",\"@graph\":[{\"@type\":\"WebPage\",\"@id\":\"https:\/\/travys-bakery.fr\/index.php\/produit\/cookie-monaco\/\",\"url\":\"https:\/\/travys-bakery.fr\/index.php\/produit\/cookie-monaco\/\",\"name\":\"Cookie Monaco - Travys Bakery\",\"isPartOf\":{\"@id\":\"https:\/\/travys-bakery.fr\/#website\"},\"primaryImageOfPage\":{\"@id\":\"https:\/\/travys-bakery.fr\/index.php\/produit\/cookie-monaco\/#primaryimage\"},\"image\":{\"@id\":\"https:\/\/travys-bakery.fr\/index.php\/produit\/cookie-monaco\/#primaryimage\"},\"thumbnailUrl\":\"https:\/\/travys-bakery.fr\/wp-content\/uploads\/2024\/06\/Monaco_Milieu.png\",\"datePublished\":\"2024-06-17T19:13:02+00:00\",\"dateModified\":\"2026-04-19T01:55:16+00:00\",\"breadcrumb\":{\"@id\":\"https:\/\/travys-bakery.fr\/index.php\/produit\/cookie-monaco\/#breadcrumb\"},\"inLanguage\":\"fr-FR\",\"potentialAction\":[{\"@type\":\"ReadAction\",\"target\":[\"https:\/\/travys-bakery.fr\/index.php\/produit\/cookie-monaco\/\"]}]},{\"@type\":\"ImageObject\",\"inLanguage\":\"fr-FR\",\"@id\":\"https:\/\/travys-bakery.fr\/index.php\/produit\/cookie-monaco\/#primaryimage\",\"url\":\"https:\/\/travys-bakery.fr\/wp-content\/uploads\/2024\/06\/Monaco_Milieu.png\",\"contentUrl\":\"https:\/\/travys-bakery.fr\/wp-content\/uploads\/2024\/06\/Monaco_Milieu.png\",\"width\":2363,\"height\":1907},{\"@type\":\"BreadcrumbList\",\"@id\":\"https:\/\/travys-bakery.fr\/index.php\/produit\/cookie-monaco\/#breadcrumb\",\"itemListElement\":[{\"@type\":\"ListItem\",\"position\":1,\"name\":\"Accueil\",\"item\":\"https:\/\/travys-bakery.fr\/\"},{\"@type\":\"ListItem\",\"position\":2,\"name\":\"Boutique\",\"item\":\"https:\/\/travys-bakery.fr\/index.php\/boutique\/\"},{\"@type\":\"ListItem\",\"position\":3,\"name\":\"Cookie Monaco\"}]},{\"@type\":\"WebSite\",\"@id\":\"https:\/\/travys-bakery.fr\/#website\",\"url\":\"https:\/\/travys-bakery.fr\/\",\"name\":\"Travys Bakery\",\"description\":\"Cookies en Livraison \u00e0 Domicile\",\"publisher\":{\"@id\":\"https:\/\/travys-bakery.fr\/#organization\"},\"potentialAction\":[{\"@type\":\"SearchAction\",\"target\":{\"@type\":\"EntryPoint\",\"urlTemplate\":\"https:\/\/travys-bakery.fr\/?s={search_term_string}\"},\"query-input\":\"required name=search_term_string\"}],\"inLanguage\":\"fr-FR\"},{\"@type\":\"Organization\",\"@id\":\"https:\/\/travys-bakery.fr\/#organization\",\"name\":\"Travys Bakery\",\"url\":\"https:\/\/travys-bakery.fr\/\",\"logo\":{\"@type\":\"ImageObject\",\"inLanguage\":\"fr-FR\",\"@id\":\"https:\/\/travys-bakery.fr\/#\/schema\/logo\/image\/\",\"url\":\"https:\/\/travys-bakery.fr\/wp-content\/uploads\/2024\/06\/since_2023__1_-removebg-preview.png\",\"contentUrl\":\"https:\/\/travys-bakery.fr\/wp-content\/uploads\/2024\/06\/since_2023__1_-removebg-preview.png\",\"width\":500,\"height\":500,\"caption\":\"Travys Bakery\"},\"image\":{\"@id\":\"https:\/\/travys-bakery.fr\/#\/schema\/logo\/image\/\"},\"sameAs\":[\"https:\/\/www.facebook.com\/profile.php?id=61563608235624\",\"https:\/\/www.instagram.com\/travys_bakery\/\"]}]}<\/script>\n<!-- \/ Yoast SEO plugin. -->","yoast_head_json":{"title":"Cookie Monaco - Travys Bakery","robots":{"index":"index","follow":"follow","max-snippet":"max-snippet:-1","max-image-preview":"max-image-preview:large","max-video-preview":"max-video-preview:-1"},"canonical":"https:\/\/travys-bakery.fr\/index.php\/produit\/cookie-monaco\/","og_locale":"fr_FR","og_type":"article","og_title":"Cookie Monaco - Travys Bakery","og_description":"Cookie Chocolat blanc, Framboise","og_url":"https:\/\/travys-bakery.fr\/index.php\/produit\/cookie-monaco\/","og_site_name":"Travys Bakery","article_publisher":"https:\/\/www.facebook.com\/profile.php?id=61563608235624","article_modified_time":"2026-04-19T01:55:16+00:00","og_image":[{"width":1024,"height":826,"url":"http:\/\/travys-bakery.fr\/wp-content\/uploads\/2024\/06\/Monaco_Milieu-1024x826.png","type":"image\/png"}],"twitter_card":"summary_large_image","twitter_misc":{"Dur\u00e9e de lecture estim\u00e9e":"1 minute"},"schema":{"@context":"https:\/\/schema.org","@graph":[{"@type":"WebPage","@id":"https:\/\/travys-bakery.fr\/index.php\/produit\/cookie-monaco\/","url":"https:\/\/travys-bakery.fr\/index.php\/produit\/cookie-monaco\/","name":"Cookie Monaco - Travys Bakery","isPartOf":{"@id":"https:\/\/travys-bakery.fr\/#website"},"primaryImageOfPage":{"@id":"https:\/\/travys-bakery.fr\/index.php\/produit\/cookie-monaco\/#primaryimage"},"image":{"@id":"https:\/\/travys-bakery.fr\/index.php\/produit\/cookie-monaco\/#primaryimage"},"thumbnailUrl":"https:\/\/travys-bakery.fr\/wp-content\/uploads\/2024\/06\/Monaco_Milieu.png","datePublished":"2024-06-17T19:13:02+00:00","dateModified":"2026-04-19T01:55:16+00:00","breadcrumb":{"@id":"https:\/\/travys-bakery.fr\/index.php\/produit\/cookie-monaco\/#breadcrumb"},"inLanguage":"fr-FR","potentialAction":[{"@type":"ReadAction","target":["https:\/\/travys-bakery.fr\/index.php\/produit\/cookie-monaco\/"]}]},{"@type":"ImageObject","inLanguage":"fr-FR","@id":"https:\/\/travys-bakery.fr\/index.php\/produit\/cookie-monaco\/#primaryimage","url":"https:\/\/travys-bakery.fr\/wp-content\/uploads\/2024\/06\/Monaco_Milieu.png","contentUrl":"https:\/\/travys-bakery.fr\/wp-content\/uploads\/2024\/06\/Monaco_Milieu.png","width":2363,"height":1907},{"@type":"BreadcrumbList","@id":"https:\/\/travys-bakery.fr\/index.php\/produit\/cookie-monaco\/#breadcrumb","itemListElement":[{"@type":"ListItem","position":1,"name":"Accueil","item":"https:\/\/travys-bakery.fr\/"},{"@type":"ListItem","position":2,"name":"Boutique","item":"https:\/\/travys-bakery.fr\/index.php\/boutique\/"},{"@type":"ListItem","position":3,"name":"Cookie Monaco"}]},{"@type":"WebSite","@id":"https:\/\/travys-bakery.fr\/#website","url":"https:\/\/travys-bakery.fr\/","name":"Travys Bakery","description":"Cookies en Livraison \u00e0 Domicile","publisher":{"@id":"https:\/\/travys-bakery.fr\/#organization"},"potentialAction":[{"@type":"SearchAction","target":{"@type":"EntryPoint","urlTemplate":"https:\/\/travys-bakery.fr\/?s={search_term_string}"},"query-input":"required name=search_term_string"}],"inLanguage":"fr-FR"},{"@type":"Organization","@id":"https:\/\/travys-bakery.fr\/#organization","name":"Travys Bakery","url":"https:\/\/travys-bakery.fr\/","logo":{"@type":"ImageObject","inLanguage":"fr-FR","@id":"https:\/\/travys-bakery.fr\/#\/schema\/logo\/image\/","url":"https:\/\/travys-bakery.fr\/wp-content\/uploads\/2024\/06\/since_2023__1_-removebg-preview.png","contentUrl":"https:\/\/travys-bakery.fr\/wp-content\/uploads\/2024\/06\/since_2023__1_-removebg-preview.png","width":500,"height":500,"caption":"Travys Bakery"},"image":{"@id":"https:\/\/travys-bakery.fr\/#\/schema\/logo\/image\/"},"sameAs":["https:\/\/www.facebook.com\/profile.php?id=61563608235624","https:\/\/www.instagram.com\/travys_bakery\/"]}]}},"jetpack_sharing_enabled":true,"_links":{"self":[{"href":"https:\/\/travys-bakery.fr\/index.php\/wp-json\/wp\/v2\/product\/222","targetHints":{"allow":["GET"]}}],"collection":[{"href":"https:\/\/travys-bakery.fr\/index.php\/wp-json\/wp\/v2\/product"}],"about":[{"href":"https:\/\/travys-bakery.fr\/index.php\/wp-json\/wp\/v2\/types\/product"}],"replies":[{"embeddable":true,"href":"https:\/\/travys-bakery.fr\/index.php\/wp-json\/wp\/v2\/comments?post=222"}],"wp:featuredmedia":[{"embeddable":true,"href":"https:\/\/travys-bakery.fr\/index.php\/wp-json\/wp\/v2\/media\/1138"}],"wp:attachment":[{"href":"https:\/\/travys-bakery.fr\/index.php\/wp-json\/wp\/v2\/media?parent=222"}],"wp:term":[{"taxonomy":"product_brand","embeddable":true,"href":"https:\/\/travys-bakery.fr\/index.php\/wp-json\/wp\/v2\/product_brand?post=222"},{"taxonomy":"product_cat","embeddable":true,"href":"https:\/\/travys-bakery.fr\/index.php\/wp-json\/wp\/v2\/product_cat?post=222"},{"taxonomy":"product_tag","embeddable":true,"href":"https:\/\/travys-bakery.fr\/index.php\/wp-json\/wp\/v2\/product_tag?post=222"}],"curies":[{"name":"wp","href":"https:\/\/api.w.org\/{rel}","templated":true}]}}