{"id":489,"date":"2024-06-24T10:26:18","date_gmt":"2024-06-24T08:26:18","guid":{"rendered":"https:\/\/travys-bakery.fr\/?post_type=product&#038;p=489"},"modified":"2026-05-13T16:30:54","modified_gmt":"2026-05-13T14:30:54","slug":"cookie-berlin","status":"publish","type":"product","link":"https:\/\/travys-bakery.fr\/index.php\/produit\/cookie-berlin\/","title":{"rendered":"Cookie Berlin"},"content":{"rendered":"<div class=\"flex flex-grow flex-col max-w-full\">\n<div class=\"min-h-[20px] text-message flex flex-col items-start whitespace-pre-wrap break-words [.text-message+&amp;]:mt-5 juice:w-full juice:items-end overflow-x-auto gap-2\" dir=\"auto\" data-message-author-role=\"assistant\" data-message-id=\"3ac7f8d4-7ffc-45eb-baee-be1adedf97d3\">\n<div class=\"flex w-full flex-col gap-1 juice:empty:hidden juice:first:pt-[3px]\">\n<div class=\"markdown prose w-full break-words dark:prose-invert light\">\n<h3>D\u00e9couvrez Notre Cookie Sp\u00e9culoos<\/h3>\n<\/div>\n<p><strong>Ingr\u00e9dients :<\/strong><\/p>\n<ul>\n<li>P\u00e2te \u00e0 Cookie<\/li>\n<li>P\u00e9pites de Chocolat au Lait<\/li>\n<li>C\u0153ur Sp\u00e9culoos<\/li>\n<\/ul>\n<p>&nbsp;<\/p>\n<div class=\"markdown prose w-full break-words dark:prose-invert light\">\n<p>Succombez \u00e0 notre cookie de 110g au Sp\u00e9culoos, croustillant \u00e0 l&rsquo;ext\u00e9rieur et moelleux \u00e0 l&rsquo;int\u00e9rieur. Ce d\u00e9lice gourmand est parfait pour tous les amateurs de douceurs.<\/p>\n<p>Fabriqu\u00e9 avec des ingr\u00e9dients de qualit\u00e9, chaque cookie offre une exp\u00e9rience gustative exceptionnelle. Commandez d\u00e8s maintenant sur notre site et savourez ce d\u00e9lice !<\/p>\n<p><strong>Un moment de bonheur croquant et moelleux vous attend !<\/strong><\/p>\n<p><em>Allerg\u00e8nes : Gluten | Lactose | Oeuf<\/em>\u00a0 |<em> Bl\u00e9 | Soja<\/em><\/p>\n<\/div>\n<\/div>\n<\/div>\n<\/div>\n","protected":false},"excerpt":{"rendered":"<p>Cookie au Sp\u00e9culoos<\/p>\n","protected":false},"featured_media":1063,"comment_status":"open","ping_status":"closed","template":"","meta":[],"product_brand":[],"product_cat":[16],"product_tag":[],"class_list":{"0":"post-489","1":"product","2":"type-product","3":"status-publish","4":"has-post-thumbnail","6":"product_cat-non-classe","7":"product_shipping_class-cookie_class","9":"first","10":"instock","11":"shipping-taxable","12":"purchasable","13":"product-type-simple"},"yoast_head":"<!-- This site is optimized with the Yoast SEO plugin v23.2 - https:\/\/yoast.com\/wordpress\/plugins\/seo\/ -->\n<title>Cookie Berlin - Travys Bakery<\/title>\n<meta name=\"robots\" content=\"index, follow, max-snippet:-1, max-image-preview:large, max-video-preview:-1\" \/>\n<link rel=\"canonical\" href=\"https:\/\/travys-bakery.fr\/index.php\/produit\/cookie-berlin\/\" \/>\n<meta property=\"og:locale\" content=\"fr_FR\" \/>\n<meta property=\"og:type\" content=\"article\" \/>\n<meta property=\"og:title\" content=\"Cookie Berlin - Travys Bakery\" \/>\n<meta property=\"og:description\" content=\"Cookie au Sp\u00e9culoos\" \/>\n<meta property=\"og:url\" content=\"https:\/\/travys-bakery.fr\/index.php\/produit\/cookie-berlin\/\" \/>\n<meta property=\"og:site_name\" content=\"Travys Bakery\" \/>\n<meta property=\"article:publisher\" content=\"https:\/\/www.facebook.com\/profile.php?id=61563608235624\" \/>\n<meta property=\"article:modified_time\" content=\"2026-05-13T14:30:54+00:00\" \/>\n<meta property=\"og:image\" content=\"http:\/\/travys-bakery.fr\/wp-content\/uploads\/2024\/08\/Berlin_Seul.png\" \/>\n\t<meta property=\"og:image:width\" content=\"1080\" \/>\n\t<meta property=\"og:image:height\" content=\"1080\" \/>\n\t<meta property=\"og:image:type\" content=\"image\/png\" \/>\n<meta name=\"twitter:card\" content=\"summary_large_image\" \/>\n<meta name=\"twitter:label1\" content=\"Dur\u00e9e de lecture estim\u00e9e\" \/>\n\t<meta name=\"twitter:data1\" content=\"1 minute\" \/>\n<script type=\"application\/ld+json\" class=\"yoast-schema-graph\">{\"@context\":\"https:\/\/schema.org\",\"@graph\":[{\"@type\":\"WebPage\",\"@id\":\"https:\/\/travys-bakery.fr\/index.php\/produit\/cookie-berlin\/\",\"url\":\"https:\/\/travys-bakery.fr\/index.php\/produit\/cookie-berlin\/\",\"name\":\"Cookie Berlin - Travys Bakery\",\"isPartOf\":{\"@id\":\"https:\/\/travys-bakery.fr\/#website\"},\"primaryImageOfPage\":{\"@id\":\"https:\/\/travys-bakery.fr\/index.php\/produit\/cookie-berlin\/#primaryimage\"},\"image\":{\"@id\":\"https:\/\/travys-bakery.fr\/index.php\/produit\/cookie-berlin\/#primaryimage\"},\"thumbnailUrl\":\"https:\/\/travys-bakery.fr\/wp-content\/uploads\/2024\/08\/Berlin_Seul.png\",\"datePublished\":\"2024-06-24T08:26:18+00:00\",\"dateModified\":\"2026-05-13T14:30:54+00:00\",\"breadcrumb\":{\"@id\":\"https:\/\/travys-bakery.fr\/index.php\/produit\/cookie-berlin\/#breadcrumb\"},\"inLanguage\":\"fr-FR\",\"potentialAction\":[{\"@type\":\"ReadAction\",\"target\":[\"https:\/\/travys-bakery.fr\/index.php\/produit\/cookie-berlin\/\"]}]},{\"@type\":\"ImageObject\",\"inLanguage\":\"fr-FR\",\"@id\":\"https:\/\/travys-bakery.fr\/index.php\/produit\/cookie-berlin\/#primaryimage\",\"url\":\"https:\/\/travys-bakery.fr\/wp-content\/uploads\/2024\/08\/Berlin_Seul.png\",\"contentUrl\":\"https:\/\/travys-bakery.fr\/wp-content\/uploads\/2024\/08\/Berlin_Seul.png\",\"width\":1080,\"height\":1080},{\"@type\":\"BreadcrumbList\",\"@id\":\"https:\/\/travys-bakery.fr\/index.php\/produit\/cookie-berlin\/#breadcrumb\",\"itemListElement\":[{\"@type\":\"ListItem\",\"position\":1,\"name\":\"Accueil\",\"item\":\"https:\/\/travys-bakery.fr\/\"},{\"@type\":\"ListItem\",\"position\":2,\"name\":\"Boutique\",\"item\":\"https:\/\/travys-bakery.fr\/index.php\/boutique\/\"},{\"@type\":\"ListItem\",\"position\":3,\"name\":\"Cookie Berlin\"}]},{\"@type\":\"WebSite\",\"@id\":\"https:\/\/travys-bakery.fr\/#website\",\"url\":\"https:\/\/travys-bakery.fr\/\",\"name\":\"Travys Bakery\",\"description\":\"Cookies en Livraison \u00e0 Domicile\",\"publisher\":{\"@id\":\"https:\/\/travys-bakery.fr\/#organization\"},\"potentialAction\":[{\"@type\":\"SearchAction\",\"target\":{\"@type\":\"EntryPoint\",\"urlTemplate\":\"https:\/\/travys-bakery.fr\/?s={search_term_string}\"},\"query-input\":\"required name=search_term_string\"}],\"inLanguage\":\"fr-FR\"},{\"@type\":\"Organization\",\"@id\":\"https:\/\/travys-bakery.fr\/#organization\",\"name\":\"Travys Bakery\",\"url\":\"https:\/\/travys-bakery.fr\/\",\"logo\":{\"@type\":\"ImageObject\",\"inLanguage\":\"fr-FR\",\"@id\":\"https:\/\/travys-bakery.fr\/#\/schema\/logo\/image\/\",\"url\":\"https:\/\/travys-bakery.fr\/wp-content\/uploads\/2024\/06\/since_2023__1_-removebg-preview.png\",\"contentUrl\":\"https:\/\/travys-bakery.fr\/wp-content\/uploads\/2024\/06\/since_2023__1_-removebg-preview.png\",\"width\":500,\"height\":500,\"caption\":\"Travys Bakery\"},\"image\":{\"@id\":\"https:\/\/travys-bakery.fr\/#\/schema\/logo\/image\/\"},\"sameAs\":[\"https:\/\/www.facebook.com\/profile.php?id=61563608235624\",\"https:\/\/www.instagram.com\/travys_bakery\/\"]}]}<\/script>\n<!-- \/ Yoast SEO plugin. -->","yoast_head_json":{"title":"Cookie Berlin - Travys Bakery","robots":{"index":"index","follow":"follow","max-snippet":"max-snippet:-1","max-image-preview":"max-image-preview:large","max-video-preview":"max-video-preview:-1"},"canonical":"https:\/\/travys-bakery.fr\/index.php\/produit\/cookie-berlin\/","og_locale":"fr_FR","og_type":"article","og_title":"Cookie Berlin - Travys Bakery","og_description":"Cookie au Sp\u00e9culoos","og_url":"https:\/\/travys-bakery.fr\/index.php\/produit\/cookie-berlin\/","og_site_name":"Travys Bakery","article_publisher":"https:\/\/www.facebook.com\/profile.php?id=61563608235624","article_modified_time":"2026-05-13T14:30:54+00:00","og_image":[{"width":1080,"height":1080,"url":"http:\/\/travys-bakery.fr\/wp-content\/uploads\/2024\/08\/Berlin_Seul.png","type":"image\/png"}],"twitter_card":"summary_large_image","twitter_misc":{"Dur\u00e9e de lecture estim\u00e9e":"1 minute"},"schema":{"@context":"https:\/\/schema.org","@graph":[{"@type":"WebPage","@id":"https:\/\/travys-bakery.fr\/index.php\/produit\/cookie-berlin\/","url":"https:\/\/travys-bakery.fr\/index.php\/produit\/cookie-berlin\/","name":"Cookie Berlin - Travys Bakery","isPartOf":{"@id":"https:\/\/travys-bakery.fr\/#website"},"primaryImageOfPage":{"@id":"https:\/\/travys-bakery.fr\/index.php\/produit\/cookie-berlin\/#primaryimage"},"image":{"@id":"https:\/\/travys-bakery.fr\/index.php\/produit\/cookie-berlin\/#primaryimage"},"thumbnailUrl":"https:\/\/travys-bakery.fr\/wp-content\/uploads\/2024\/08\/Berlin_Seul.png","datePublished":"2024-06-24T08:26:18+00:00","dateModified":"2026-05-13T14:30:54+00:00","breadcrumb":{"@id":"https:\/\/travys-bakery.fr\/index.php\/produit\/cookie-berlin\/#breadcrumb"},"inLanguage":"fr-FR","potentialAction":[{"@type":"ReadAction","target":["https:\/\/travys-bakery.fr\/index.php\/produit\/cookie-berlin\/"]}]},{"@type":"ImageObject","inLanguage":"fr-FR","@id":"https:\/\/travys-bakery.fr\/index.php\/produit\/cookie-berlin\/#primaryimage","url":"https:\/\/travys-bakery.fr\/wp-content\/uploads\/2024\/08\/Berlin_Seul.png","contentUrl":"https:\/\/travys-bakery.fr\/wp-content\/uploads\/2024\/08\/Berlin_Seul.png","width":1080,"height":1080},{"@type":"BreadcrumbList","@id":"https:\/\/travys-bakery.fr\/index.php\/produit\/cookie-berlin\/#breadcrumb","itemListElement":[{"@type":"ListItem","position":1,"name":"Accueil","item":"https:\/\/travys-bakery.fr\/"},{"@type":"ListItem","position":2,"name":"Boutique","item":"https:\/\/travys-bakery.fr\/index.php\/boutique\/"},{"@type":"ListItem","position":3,"name":"Cookie Berlin"}]},{"@type":"WebSite","@id":"https:\/\/travys-bakery.fr\/#website","url":"https:\/\/travys-bakery.fr\/","name":"Travys Bakery","description":"Cookies en Livraison \u00e0 Domicile","publisher":{"@id":"https:\/\/travys-bakery.fr\/#organization"},"potentialAction":[{"@type":"SearchAction","target":{"@type":"EntryPoint","urlTemplate":"https:\/\/travys-bakery.fr\/?s={search_term_string}"},"query-input":"required name=search_term_string"}],"inLanguage":"fr-FR"},{"@type":"Organization","@id":"https:\/\/travys-bakery.fr\/#organization","name":"Travys Bakery","url":"https:\/\/travys-bakery.fr\/","logo":{"@type":"ImageObject","inLanguage":"fr-FR","@id":"https:\/\/travys-bakery.fr\/#\/schema\/logo\/image\/","url":"https:\/\/travys-bakery.fr\/wp-content\/uploads\/2024\/06\/since_2023__1_-removebg-preview.png","contentUrl":"https:\/\/travys-bakery.fr\/wp-content\/uploads\/2024\/06\/since_2023__1_-removebg-preview.png","width":500,"height":500,"caption":"Travys Bakery"},"image":{"@id":"https:\/\/travys-bakery.fr\/#\/schema\/logo\/image\/"},"sameAs":["https:\/\/www.facebook.com\/profile.php?id=61563608235624","https:\/\/www.instagram.com\/travys_bakery\/"]}]}},"jetpack_sharing_enabled":true,"_links":{"self":[{"href":"https:\/\/travys-bakery.fr\/index.php\/wp-json\/wp\/v2\/product\/489","targetHints":{"allow":["GET"]}}],"collection":[{"href":"https:\/\/travys-bakery.fr\/index.php\/wp-json\/wp\/v2\/product"}],"about":[{"href":"https:\/\/travys-bakery.fr\/index.php\/wp-json\/wp\/v2\/types\/product"}],"replies":[{"embeddable":true,"href":"https:\/\/travys-bakery.fr\/index.php\/wp-json\/wp\/v2\/comments?post=489"}],"wp:featuredmedia":[{"embeddable":true,"href":"https:\/\/travys-bakery.fr\/index.php\/wp-json\/wp\/v2\/media\/1063"}],"wp:attachment":[{"href":"https:\/\/travys-bakery.fr\/index.php\/wp-json\/wp\/v2\/media?parent=489"}],"wp:term":[{"taxonomy":"product_brand","embeddable":true,"href":"https:\/\/travys-bakery.fr\/index.php\/wp-json\/wp\/v2\/product_brand?post=489"},{"taxonomy":"product_cat","embeddable":true,"href":"https:\/\/travys-bakery.fr\/index.php\/wp-json\/wp\/v2\/product_cat?post=489"},{"taxonomy":"product_tag","embeddable":true,"href":"https:\/\/travys-bakery.fr\/index.php\/wp-json\/wp\/v2\/product_tag?post=489"}],"curies":[{"name":"wp","href":"https:\/\/api.w.org\/{rel}","templated":true}]}}